{"id":10312,"date":"2023-12-19T17:15:14","date_gmt":"2023-12-19T17:15:14","guid":{"rendered":"https:\/\/grizzlybear.cl\/?post_type=product&#038;p=10312"},"modified":"2026-04-08T04:55:43","modified_gmt":"2026-04-08T04:55:43","slug":"fit-protein-100-whey-grizzlybear-berries","status":"publish","type":"product","link":"https:\/\/grizzlybear.cl\/index.php\/producto\/fit-protein-100-whey-grizzlybear-berries\/","title":{"rendered":"FIT PROTEIN 100% WHEY GRIZZLYBEAR BERRIES"},"content":{"rendered":"<p>La Fit Protein de sabor imbatible es una excelente fuente de prote\u00edna; contiene 25 g de prote\u00edna de suero de leche por porci\u00f3n, lo que ayuda a la recuperaci\u00f3n muscular tras el entrenamiento y a obtener una mayor sensaci\u00f3n de saciedad.<\/p>\n<div class=\"easytabs-accordion-item\" tabindex=\"0\" role=\"tab\" aria-labelledby=\"easytabs-slide-label-8087657873710-1\" aria-selected=\"true\"><span id=\"easytabs-slide-label-8087657873710-1\" class=\"easytabs-header-text ui-tabs-anchor js-no-transition\"><span style=\"vertical-align: inherit;\"><span style=\"vertical-align: inherit;\">Caracter\u00edsticas<\/span><\/span><\/span><\/div>\n<div class=\"easytabs-content-holder\" role=\"tabpanel\" aria-labelledby=\"easytabs-slide-label-8087657873710-1\" aria-expanded=\"true\" aria-hidden=\"false\">\n<ul>\n<li>60 porciones.<\/li>\n<li>25 g de prote\u00edna por porci\u00f3n.<\/li>\n<li>Excelente fuente de prote\u00edna.<\/li>\n<li>Libre de sellos.<\/li>\n<li>Sin azucares a\u00f1adidos.<\/li>\n<li>Producto Chileno.<\/li>\n<\/ul>\n<div class=\"easytabs-accordion-item\" tabindex=\"0\" role=\"tab\" aria-labelledby=\"easytabs-slide-label-8087657873710-2\" aria-selected=\"true\"><span id=\"easytabs-slide-label-8087657873710-2\" class=\"easytabs-header-text ui-tabs-anchor js-no-transition\"><strong>MODO DE USO<\/strong><br \/>\n<\/span>Ingerir 1 scoop por 300ml de agua, leche o jugo. 1 a 3 scoop basado en tus necesidades.<\/div>\n<\/div>\n<div tabindex=\"0\" role=\"tab\" aria-labelledby=\"easytabs-slide-label-8087657873710-2\" aria-selected=\"true\"><\/div>\n","protected":false},"excerpt":{"rendered":"<p><strong>25G DE PROTEINA<\/strong>:un macronutriente que es esencial para construir masa muscular. La proteina te ayuda a mantener el musculo desarrollado dentro y fuera del gimansio.<\/p>\n<p><strong>2.5G DE LEUCINA<\/strong>:es un amino\u00e1cido que ayuda a el crecimiento, el mantenimiento y la regeneraci\u00f3n del tejido muscular trav\u00e9s de una correcta sintesis prote\u00edca. Como nuestro organismo no puede producirlo por s\u00ed mismo hay que obtenerlo a trav\u00e9s de la dieta y la suplementacion, caso en el que la Fit protein de Grizzlybear son t\u00fa mejor opci\u00f3n.<\/p>\n","protected":false},"featured_media":12174,"comment_status":"open","ping_status":"closed","template":"","meta":{"iawp_total_views":391,"_joinchat":[]},"product_brand":[],"product_cat":[15,121,120],"product_tag":[104,103],"class_list":{"0":"post-10312","1":"product","2":"type-product","3":"status-publish","4":"has-post-thumbnail","6":"product_cat-proteinas","7":"product_cat-proteinas-1-kg","8":"product_cat-proteinas-2-kg","9":"product_tag-leucina","10":"product_tag-proteina","12":"first","13":"instock","14":"shipping-taxable","15":"purchasable","16":"product-type-variable"},"_links":{"self":[{"href":"https:\/\/grizzlybear.cl\/index.php\/wp-json\/wp\/v2\/product\/10312","targetHints":{"allow":["GET"]}}],"collection":[{"href":"https:\/\/grizzlybear.cl\/index.php\/wp-json\/wp\/v2\/product"}],"about":[{"href":"https:\/\/grizzlybear.cl\/index.php\/wp-json\/wp\/v2\/types\/product"}],"replies":[{"embeddable":true,"href":"https:\/\/grizzlybear.cl\/index.php\/wp-json\/wp\/v2\/comments?post=10312"}],"wp:featuredmedia":[{"embeddable":true,"href":"https:\/\/grizzlybear.cl\/index.php\/wp-json\/wp\/v2\/media\/12174"}],"wp:attachment":[{"href":"https:\/\/grizzlybear.cl\/index.php\/wp-json\/wp\/v2\/media?parent=10312"}],"wp:term":[{"taxonomy":"product_brand","embeddable":true,"href":"https:\/\/grizzlybear.cl\/index.php\/wp-json\/wp\/v2\/product_brand?post=10312"},{"taxonomy":"product_cat","embeddable":true,"href":"https:\/\/grizzlybear.cl\/index.php\/wp-json\/wp\/v2\/product_cat?post=10312"},{"taxonomy":"product_tag","embeddable":true,"href":"https:\/\/grizzlybear.cl\/index.php\/wp-json\/wp\/v2\/product_tag?post=10312"}],"curies":[{"name":"wp","href":"https:\/\/api.w.org\/{rel}","templated":true}]}}